{"id":657,"date":"2025-07-14T14:22:04","date_gmt":"2025-07-14T12:22:04","guid":{"rendered":"https:\/\/uncuttv.at\/?page_id=657"},"modified":"2026-02-13T14:11:57","modified_gmt":"2026-02-13T13:11:57","slug":"coming-soon","status":"publish","type":"page","link":"https:\/\/uncuttv.at\/en\/coming-soon\/","title":{"rendered":"Coming Soon"},"content":{"rendered":"<p><!-- Coming Soon: VHS UNDERGROUND --><\/p>\n<section style=\"background:#000; color:#eee; padding:60px 20px; font-family:'Helvetica Neue', sans-serif;\">\n<div style=\"max-width:1100px; margin:0 auto;\">\n<h1 style=\"text-align:center; font-size:2.8rem; margin-bottom:20px; text-transform:uppercase; letter-spacing:1px;\">\n      Coming Soon: VHS Underground<br \/>\n    <\/h1>\n<p style=\"text-align:center; font-size:1.1rem; margin-bottom:50px; color:#ccc;\">\n      Snuff, Wahnsinn und Gewalt \u2013 ein Trip in die dunkelsten Abgr\u00fcnde.\n    <\/p>\n<p>    <!-- Cover --><\/p>\n<div style=\"display:flex; justify-content:center; margin-bottom:50px;\">\n      <img decoding=\"async\" src=\"https:\/\/uncuttv.at\/wp-content\/uploads\/2026\/02\/VHS-Underground.jpg\" alt=\"VHS Underground Cover\" style=\"width:400px; max-width:100%; border-radius:8px;\">\n    <\/div>\n<p>    <!-- Beschreibung --><\/p>\n<div style=\"max-width:800px; margin:0 auto 60px; font-size:1.05rem; line-height:1.7;\">\n<p>\n        Als die Pathologen <strong>Dr. K. Daver<\/strong> (Laurence R. Harvey) und <strong>Owen Graves<\/strong> (Jean Rises) in einer Leiche einen USB-Stick finden, setzt ihre Neugier eine Kette des Grauens in Gang.<br \/>\n        Die Dateien zeigen Snuff-Filme, Mord und Folter \u2013 und rei\u00dfen die M\u00e4nner in einen Strudel aus Wahnsinn, Gewalt und dunklen Verschw\u00f6rungen.\n      <\/p>\n<\/p><\/div>\n<p>    <!-- Trailer --><\/p>\n<div style=\"position:relative; padding-bottom:56.25%; height:0; overflow:hidden;\">\n      <iframe src=\"https:\/\/www.youtube.com\/embed\/Ingl7DfniLQ\" frameborder=\"0\" allowfullscreen\n style=\"position:absolute; top:0; left:0; width:100%; height:100%; border-radius:12px;\"><br \/>\n      <\/iframe>\n    <\/div>\n<\/p><\/div>\n<\/section>","protected":false},"excerpt":{"rendered":"<p>Coming Soon: VHS Underground Snuff, Wahnsinn und Gewalt \u2013 ein Trip in die dunkelsten Abgr\u00fcnde. Als die Pathologen Dr. K. Daver (Laurence<span class=\"more-button\"><a href=\"https:\/\/uncuttv.at\/en\/coming-soon\/\" class=\"more-link more-icon\">Continue reading<span class=\"screen-reader-text\">Coming Soon<\/span><\/a><\/span><\/p>","protected":false},"author":1,"featured_media":0,"parent":0,"menu_order":0,"comment_status":"closed","ping_status":"closed","template":"","meta":{"_acf_changed":false,"footnotes":""},"class_list":["post-657","page","type-page","status-publish","hentry"],"acf":[],"_links":{"self":[{"href":"https:\/\/uncuttv.at\/en\/wp-json\/wp\/v2\/pages\/657","targetHints":{"allow":["GET"]}}],"collection":[{"href":"https:\/\/uncuttv.at\/en\/wp-json\/wp\/v2\/pages"}],"about":[{"href":"https:\/\/uncuttv.at\/en\/wp-json\/wp\/v2\/types\/page"}],"author":[{"embeddable":true,"href":"https:\/\/uncuttv.at\/en\/wp-json\/wp\/v2\/users\/1"}],"replies":[{"embeddable":true,"href":"https:\/\/uncuttv.at\/en\/wp-json\/wp\/v2\/comments?post=657"}],"version-history":[{"count":10,"href":"https:\/\/uncuttv.at\/en\/wp-json\/wp\/v2\/pages\/657\/revisions"}],"predecessor-version":[{"id":2931,"href":"https:\/\/uncuttv.at\/en\/wp-json\/wp\/v2\/pages\/657\/revisions\/2931"}],"wp:attachment":[{"href":"https:\/\/uncuttv.at\/en\/wp-json\/wp\/v2\/media?parent=657"}],"curies":[{"name":"wp","href":"https:\/\/api.w.org\/{rel}","templated":true}]}}