{"id":154,"date":"2025-07-08T20:27:30","date_gmt":"2025-07-08T18:27:30","guid":{"rendered":"https:\/\/uncuttv.at\/produkt\/des-toechterleins-leid-hartbox-collectors-edition\/"},"modified":"2025-07-14T13:38:02","modified_gmt":"2025-07-14T11:38:02","slug":"des-toechterleins-leid-hartbox-collectors-edition","status":"publish","type":"product","link":"https:\/\/uncuttv.at\/en\/product\/des-toechterleins-leid-hartbox-collectors-edition\/","title":{"rendered":"The Daughter\u2019s Suffering HARTBOX"},"content":{"rendered":"<div class=\"uncuttv-product clean\">\n<h2 class=\"product-title\">The Daughter\u2019s Suffering<\/h2>\n<p class=\"subtitle\">Limited DVD Hartbox<\/p>\n<section class=\"synopsis\">\n<h3>Plot<\/h3>\n<p>It was the late mother's final wish that father and daughter bury their differences and reconcile. A weekend together at the family\u2019s holiday cabin is meant to bring them back together.<\/p>\n<p>But everything changes when a mysterious traveler suddenly appears\u2026<\/p>\n<\/section>\n<section class=\"info-grid\">\n<div class=\"info-block\">\n<h4>Production<\/h4>\n<p><strong>Country:<\/strong> Schweiz, Frankreich<\/p>\n<p><strong>Director:<\/strong> Juval Marlon<\/p>\n<p><strong>Genre:<\/strong> Drama<\/p>\n<\/div>\n<div class=\"info-block\">\n<h4>Cast<\/h4>\n<p>J\u00f6rg Wischnauski, Violetta Sangue, G\u00fcnther Brandl, Ren\u00e9 Wiesner<\/p>\n<\/div>\n<div class=\"info-block\">\n<h4>Technical Specifications<\/h4>\n<p><strong>Runtime:<\/strong> Approx. 75 minutes<\/p>\n<p><strong>Picture:<\/strong> 720 \u00d7 576 \u2013 16:9<\/p>\n<p><strong>Audio:<\/strong> German<\/p>\n<p><strong>Subtitles:<\/strong> English, Italian, French, Spanish, Portuguese, Dutch, Czech, Swedish, Norwegian, Mandarin, Japanese.<\/p>\n<\/div>\n<div class=\"info-block\">\n<h4>Extras<\/h4>\n<p>Todesmarsch nach Chiasso (ca. 71 Min.)<\/p>\n<p>Die Sch\u00e4ndung (ca. 13 Min.)<\/p>\n<p>Des T\u00f6chterleins Leid \u2013 Trailer (ca. 2 Min.)<\/p>\n<p>Ein\u00f6de der Peiniger \u2013 Trailer (ca. 1 Min.)<\/p>\n<p>Emanzipation &amp; M\u00fc\u00dfiggang \u2013 by Ren\u00e9 Wiesner (ca. 3 Min.)<\/p>\n<\/div>\n<div class=\"info-block\">\n<h4>Release<\/h4>\n<p><strong>Release Date<\/strong> 22.09.2024<\/p>\n<p><strong>Limitation:<\/strong> 111 copies<\/p>\n<\/div>\n<\/section>\n<\/div>","protected":false},"excerpt":{"rendered":"<p>Des T\u00f6chterleins Leid Limitierte DVD Hartbox Inhalt Es war der letzte Wunsch der verstorbenen Mutter, dass Vater und Tochter ihre Streitigkeiten begraben<span class=\"more-button\"><a href=\"https:\/\/uncuttv.at\/en\/product\/des-toechterleins-leid-hartbox-collectors-edition\/\" class=\"more-link more-icon\">Continue reading<span class=\"screen-reader-text\">The Daughter\u2019s Suffering HARTBOX<\/span><\/a><\/span><\/p>","protected":false},"featured_media":266,"comment_status":"open","ping_status":"closed","template":"","meta":{"_acf_changed":false},"product_brand":[],"product_cat":[38],"product_tag":[],"class_list":{"0":"post-154","1":"product","2":"type-product","3":"status-publish","4":"has-post-thumbnail","6":"product_cat-outofprint","8":"first","9":"outofstock","10":"shipping-taxable","11":"product-type-simple"},"acf":[],"_links":{"self":[{"href":"https:\/\/uncuttv.at\/en\/wp-json\/wp\/v2\/product\/154","targetHints":{"allow":["GET"]}}],"collection":[{"href":"https:\/\/uncuttv.at\/en\/wp-json\/wp\/v2\/product"}],"about":[{"href":"https:\/\/uncuttv.at\/en\/wp-json\/wp\/v2\/types\/product"}],"replies":[{"embeddable":true,"href":"https:\/\/uncuttv.at\/en\/wp-json\/wp\/v2\/comments?post=154"}],"wp:featuredmedia":[{"embeddable":true,"href":"https:\/\/uncuttv.at\/en\/wp-json\/wp\/v2\/media\/266"}],"wp:attachment":[{"href":"https:\/\/uncuttv.at\/en\/wp-json\/wp\/v2\/media?parent=154"}],"wp:term":[{"taxonomy":"product_brand","embeddable":true,"href":"https:\/\/uncuttv.at\/en\/wp-json\/wp\/v2\/product_brand?post=154"},{"taxonomy":"product_cat","embeddable":true,"href":"https:\/\/uncuttv.at\/en\/wp-json\/wp\/v2\/product_cat?post=154"},{"taxonomy":"product_tag","embeddable":true,"href":"https:\/\/uncuttv.at\/en\/wp-json\/wp\/v2\/product_tag?post=154"}],"curies":[{"name":"wp","href":"https:\/\/api.w.org\/{rel}","templated":true}]}}