{"id":157,"date":"2025-07-08T20:27:30","date_gmt":"2025-07-08T18:27:30","guid":{"rendered":"https:\/\/uncuttv.at\/produkt\/blood-gorge-hartbox\/"},"modified":"2025-07-14T13:38:27","modified_gmt":"2025-07-14T11:38:27","slug":"blood-gorge-hartbox","status":"publish","type":"product","link":"https:\/\/uncuttv.at\/en\/product\/blood-gorge-hartbox\/","title":{"rendered":"Blood Gorge Hartbox"},"content":{"rendered":"<div class=\"uncuttv-product clean\">\n<h2 class=\"product-title\">Blood Gorge<\/h2>\n<p class=\"subtitle\">Limited DVD Hartbox<\/p>\n<section class=\"synopsis\">\n<h3>Plot<\/h3>\n<p>Six friends decide to seek comfort outside the city for an evening in hopes of experiencing a true Halloween\u2014something they haven\u2019t enjoyed since their youth. But soon, they find themselves trapped in a nightmare they can\u2019t wake up from, as they are confronted by a masked killer who mercilessly murders the group one by one.<\/p>\n<p>Who is this madman? The group of friends quickly learns that pain is temporary \u2014 but Halloween lasts forever\u2026<\/p>\n<\/section>\n<section class=\"info-grid\">\n<div class=\"info-block\">\n<h4>Production<\/h4>\n<p><strong>Country:<\/strong> USA<\/p>\n<p><strong>Director:<\/strong> Victor Gabriel<\/p>\n<p><strong>Genre:<\/strong> Horror, Slasher<\/p>\n<\/div>\n<div class=\"info-block\">\n<h4>Cast<\/h4>\n<p>Kait Brayden, Victor Gabriel, Tina Galindo, Ali Issa, u.\u202fa.<\/p>\n<\/div>\n<div class=\"info-block\">\n<h4>Technical Specifications<\/h4>\n<p><strong>Runtime:<\/strong> Approx. 40 minutes<\/p>\n<p><strong>Picture:<\/strong> 720 \u00d7 576 \u2013 16:9<\/p>\n<p><strong>Audio:<\/strong> Englisch<\/p>\n<p><strong>Subtitles:<\/strong> English, Italian, French, Spanish, Portuguese, Dutch, Czech, Swedish, Norwegian, Mandarin, Japanese.<\/p>\n<\/div>\n<div class=\"info-block\">\n<h4>Extras<\/h4>\n<p>My Ass (ca. 10 Sek.)<\/p>\n<p>Slog (ca. 8 Sek.)<\/p>\n<p>Running (ca. 21 Sek.)<\/p>\n<p>Slog 2 (ca. 7 Sek.)<\/p>\n<p>Say Hello (ca. 23 Sek.)<\/p>\n<\/div>\n<div class=\"info-block\">\n<h4>Release<\/h4>\n<p><strong>Release Date<\/strong> 22.06.2024<\/p>\n<p><strong>Limitation:<\/strong> 66 copies<\/p>\n<\/div>\n<\/section>\n<\/div>","protected":false},"excerpt":{"rendered":"<p>Blood Gorge Limitierte DVD Hartbox Inhalt Sechs Freunde beschlie\u00dfen, f\u00fcr einen Abend Trost au\u00dferhalb der Stadt zu suchen, um ein wahres Halloween<span class=\"more-button\"><a href=\"https:\/\/uncuttv.at\/en\/product\/blood-gorge-hartbox\/\" class=\"more-link more-icon\">Continue reading<span class=\"screen-reader-text\">Blood Gorge Hartbox<\/span><\/a><\/span><\/p>","protected":false},"featured_media":268,"comment_status":"open","ping_status":"closed","template":"","meta":{"_acf_changed":false},"product_brand":[],"product_cat":[38],"product_tag":[],"class_list":{"0":"post-157","1":"product","2":"type-product","3":"status-publish","4":"has-post-thumbnail","6":"product_cat-outofprint","8":"first","9":"outofstock","10":"shipping-taxable","11":"product-type-simple"},"acf":[],"_links":{"self":[{"href":"https:\/\/uncuttv.at\/en\/wp-json\/wp\/v2\/product\/157","targetHints":{"allow":["GET"]}}],"collection":[{"href":"https:\/\/uncuttv.at\/en\/wp-json\/wp\/v2\/product"}],"about":[{"href":"https:\/\/uncuttv.at\/en\/wp-json\/wp\/v2\/types\/product"}],"replies":[{"embeddable":true,"href":"https:\/\/uncuttv.at\/en\/wp-json\/wp\/v2\/comments?post=157"}],"wp:featuredmedia":[{"embeddable":true,"href":"https:\/\/uncuttv.at\/en\/wp-json\/wp\/v2\/media\/268"}],"wp:attachment":[{"href":"https:\/\/uncuttv.at\/en\/wp-json\/wp\/v2\/media?parent=157"}],"wp:term":[{"taxonomy":"product_brand","embeddable":true,"href":"https:\/\/uncuttv.at\/en\/wp-json\/wp\/v2\/product_brand?post=157"},{"taxonomy":"product_cat","embeddable":true,"href":"https:\/\/uncuttv.at\/en\/wp-json\/wp\/v2\/product_cat?post=157"},{"taxonomy":"product_tag","embeddable":true,"href":"https:\/\/uncuttv.at\/en\/wp-json\/wp\/v2\/product_tag?post=157"}],"curies":[{"name":"wp","href":"https:\/\/api.w.org\/{rel}","templated":true}]}}