{"id":1676,"date":"2025-11-03T20:48:01","date_gmt":"2025-11-03T19:48:01","guid":{"rendered":"https:\/\/uncuttv.at\/?post_type=product&#038;p=1676"},"modified":"2026-04-05T16:42:47","modified_gmt":"2026-04-05T14:42:47","slug":"the-wilhelm-mueller-collection-mediabook-cover-b","status":"publish","type":"product","link":"https:\/\/uncuttv.at\/en\/product\/the-wilhelm-mueller-collection-mediabook-cover-b\/","title":{"rendered":"The Wilhelm M\u00fcller Collection Mediabook Cover B"},"content":{"rendered":"<div class=\"uncuttv-product clean\">\n<h2 class=\"product-title\">THE WILHELM M\u00dcLLER COLLECTION MEDIABOOK COVER B<\/h2>\n<p class=\"subtitle\">Doppel Blu-ray-Disc-Mediabook<\/p>\n<section class=\"synopsis\">\n<h3>Plot<\/h3>\n<p><strong>THE WILHELM M\u00dcLLER COLLECTION<\/strong> pr\u00e4sentiert das kompromisslose Werk des \u00f6sterreichischen Underground-Regisseurs Wilhelm M\u00fcller in einer aufwendig gestalteten Doppel-Blu-ray-Edition.<\/p>\n<p>M\u00fcller \u2013 \u00d6sterreichs Meister des blutigen Bilderrauschs \u2013 erschafft Kino abseits des Mainstreams: kompromisslos, verst\u00f6rend und zugleich faszinierend sch\u00f6n. Seine Werke verbinden eiskalten Gore, bedr\u00fcckende Atmosph\u00e4re und makabren Humor zu einer audiovisuellen Grenzerfahrung, die sich tief ins Bewusstsein brennt. Ein Muss f\u00fcr Sammler, Grenzg\u00e4nger und Liebhaber des echten Undergrounds \u2013 roh, rebellisch und voller blutiger Poesie.<\/p>\n<\/section>\n<section class=\"info-grid\">\n<div class=\"info-block\">\n<h4>Production<\/h4>\n<p><strong>Country:<\/strong> \u00d6sterreich<\/p>\n<p><strong>Director:<\/strong> Wilhelm M\u00fcller<\/p>\n<p><strong>Genre:<\/strong> Underground, Gore, Drama<\/p>\n<\/div>\n<div class=\"info-block\">\n<h4>Cast<\/h4>\n<p>Mulier Sine Nomine, Michelle Friesacher, Judith Etzelstorfer, Stefan Schanda<\/p>\n<\/div>\n<div class=\"info-block\">\n<h4>Technical Specifications<\/h4>\n<p><strong>Runtime:<\/strong> Disc 1: ca. 161 Min. \/ Disc 2: ca. 131 Min.<\/p>\n<p><strong>Picture:<\/strong> 1920 \u00d7 1080 \u2013 16:9<\/p>\n<p><strong>Audio:<\/strong> German<\/p>\n<p><strong>Subtitles:<\/strong> Englisch<\/p>\n<\/div>\n<div class=\"info-block\">\n<h4>Extras \/ Inhalte<\/h4>\n<p><strong>DISC 1<\/strong><\/p>\n<ul>\n<li>The Doctor \u2013 ca. 57 Min.<\/li>\n<li>The Doctor: Subjekt #1 \u2013 ca. 6 Min.<\/li>\n<li>Neighbor No. 9 \u2013 ca. 21 Min.<\/li>\n<li>Neighbor No. 9: Welcome Home \u2013 ca. 61 Min.<\/li>\n<li>Neighbor No. 9: Making-of \u2013 ca. 16 Min.<\/li>\n<\/ul>\n<p><strong>DISC 2<\/strong><\/p>\n<ul>\n<li>In Nomine Satanae \u2013 ca. 12 Min.<\/li>\n<li>Kill the Pig \u2013 ca. 15 Min.<\/li>\n<li>Lagerkoller \u2013 ca. 19 Min.<\/li>\n<li>Birdday \u2013 ca. 6 Min.<\/li>\n<li>Callous \u2013 ca. 13 Min.<\/li>\n<li>Exzessiv \u2013 ca. 9 Min.<\/li>\n<li>Not Alone \u2013 ca. 15 Min.<\/li>\n<li>UncutTV-XMAS-VIDEO \u2013 ca. 2 Min.<\/li>\n<li>Never Trust a Pumpkin \u2013 ca. 7 Min.<\/li>\n<li>Gore-Short-Compilation \u2013 ca. 33 Min.<\/li>\n<\/ul>\n<p><strong>Enth\u00e4lt folgende Kurzfilme:<\/strong><br \/>\nGore-Mixtape, Colors, In Wiener Kellern, Oblivio, Piquersim, The Doctor-Short, Transylvania Snuff, Vore, Die Frau mit dem roten Hut, Feelings, Happy Birthday to Me, Zombie, Tortured<\/p>\n<\/div>\n<div class=\"info-block\">\n<h4>Ver\u00f6ffentlichung<\/h4>\n<p><strong>Release Date<\/strong> 01.12.2025<\/p>\n<p><strong>Vorverkauf ab:<\/strong> 07.11.2025<\/p>\n<p><strong>Limitation:<\/strong> 111 copies<\/p>\n<p><strong>Ausstattung:<\/strong> Mediabook (24 Seiten, handnummeriert)<\/p>\n<\/div>\n<\/section>\n<\/div>","protected":false},"excerpt":{"rendered":"<p>THE WILHELM M\u00dcLLER COLLECTION MEDIABOOK COVER B Doppel Blu-ray-Disc-Mediabook Inhalt THE WILHELM M\u00dcLLER COLLECTION pr\u00e4sentiert das kompromisslose Werk des \u00f6sterreichischen Underground-Regisseurs Wilhelm<span class=\"more-button\"><a href=\"https:\/\/uncuttv.at\/en\/product\/the-wilhelm-mueller-collection-mediabook-cover-b\/\" class=\"more-link more-icon\">Continue reading<span class=\"screen-reader-text\">The Wilhelm M\u00fcller Collection Mediabook Cover B<\/span><\/a><\/span><\/p>","protected":false},"featured_media":1678,"comment_status":"open","ping_status":"closed","template":"","meta":{"_acf_changed":false},"product_brand":[],"product_cat":[28,16,32],"product_tag":[],"class_list":{"0":"post-1676","1":"product","2":"type-product","3":"status-publish","4":"has-post-thumbnail","6":"product_cat-brandneu","7":"product_cat-filme","8":"product_cat-instock","10":"first","11":"instock","12":"shipping-taxable","13":"purchasable","14":"product-type-simple"},"acf":[],"_links":{"self":[{"href":"https:\/\/uncuttv.at\/en\/wp-json\/wp\/v2\/product\/1676","targetHints":{"allow":["GET"]}}],"collection":[{"href":"https:\/\/uncuttv.at\/en\/wp-json\/wp\/v2\/product"}],"about":[{"href":"https:\/\/uncuttv.at\/en\/wp-json\/wp\/v2\/types\/product"}],"replies":[{"embeddable":true,"href":"https:\/\/uncuttv.at\/en\/wp-json\/wp\/v2\/comments?post=1676"}],"wp:featuredmedia":[{"embeddable":true,"href":"https:\/\/uncuttv.at\/en\/wp-json\/wp\/v2\/media\/1678"}],"wp:attachment":[{"href":"https:\/\/uncuttv.at\/en\/wp-json\/wp\/v2\/media?parent=1676"}],"wp:term":[{"taxonomy":"product_brand","embeddable":true,"href":"https:\/\/uncuttv.at\/en\/wp-json\/wp\/v2\/product_brand?post=1676"},{"taxonomy":"product_cat","embeddable":true,"href":"https:\/\/uncuttv.at\/en\/wp-json\/wp\/v2\/product_cat?post=1676"},{"taxonomy":"product_tag","embeddable":true,"href":"https:\/\/uncuttv.at\/en\/wp-json\/wp\/v2\/product_tag?post=1676"}],"curies":[{"name":"wp","href":"https:\/\/api.w.org\/{rel}","templated":true}]}}