{"id":1694,"date":"2025-11-03T22:11:17","date_gmt":"2025-11-03T21:11:17","guid":{"rendered":"https:\/\/uncuttv.at\/?post_type=product&#038;p=1694"},"modified":"2026-04-05T16:42:47","modified_gmt":"2026-04-05T14:42:47","slug":"mudbrick-mediabook-cover-a","status":"publish","type":"product","link":"https:\/\/uncuttv.at\/en\/product\/mudbrick-mediabook-cover-a\/","title":{"rendered":"Mudbrick Mediabook Cover A"},"content":{"rendered":"<div class=\"uncuttv-product clean\">\n<h2 class=\"product-title\">MUDBRICK 2-Disc-Mediabook (Blu-ray + DVD)<\/h2>\n<p class=\"subtitle\">Limitiertes 2-Disc Mediabook (Blu-ray + DVD)<\/p>\n<section class=\"synopsis\">\n<h3>Plot<\/h3>\n<p><strong>MUDBRICK<\/strong> erz\u00e4hlt die d\u00fcstere Geschichte eines Mannes, der in seine Vergangenheit zur\u00fcckkehrt \u2013 und dort auf ein unheilvolles Geheimnis st\u00f6\u00dft.<\/p>\n<p>Nach dem Tod seines Vaters erbt Paul ein unscheinbares Lehmziegelhaus in seinem abgelegenen Heimatdorf in Serbien. Zum ersten Mal seit Jahren kehrt er aus England zur\u00fcck \u2013 doch das Wiedersehen mit Bruder und Nachbarn offenbart, dass hinter den Mauern des Dorfes mehr verborgen liegt als nur Erinnerungen. Schon bald wird klar: Die Gemeinschaft h\u00fctet ein Geheimnis, das gef\u00e4hrlicher ist als jedes Erbe.<\/p>\n<\/section>\n<section class=\"info-grid\">\n<div class=\"info-block\">\n<h4>Production<\/h4>\n<p><strong>Country:<\/strong> Serbien<\/p>\n<p><strong>Director:<\/strong> Nikola Petrovic<\/p>\n<p><strong>Genre:<\/strong> Drama, Mystery, Thriller<\/p>\n<\/p><\/div>\n<div class=\"info-block\">\n<h4>Cast<\/h4>\n<p>Andrew Howard, Philip Brodie, Kamka Tocinovski<\/p>\n<\/p><\/div>\n<div class=\"info-block\">\n<h4>Technical Specifications<\/h4>\n<p><strong>Picture:<\/strong> 1080p High Definition \u2013 1.92:1 \u2013 16:9<\/p>\n<p><strong>Audio:<\/strong> German und Englisch<\/p>\n<p><strong>Subtitles:<\/strong> Englisch<\/p>\n<\/p><\/div>\n<div class=\"info-block\">\n<h4>Extras<\/h4>\n<ul>\n<li>Trailer \u2013 ca. 1 Min.<\/li>\n<li>Slideshow \u2013 ca. 1 Min.<\/li>\n<\/ul><\/div>\n<div class=\"info-block\">\n<h4>Ver\u00f6ffentlichung<\/h4>\n<p><strong>Release Date<\/strong> 01.12.2025<\/p>\n<p><strong>Vorverkauf ab:<\/strong> 07.11.2025<\/p>\n<p><strong>Limitation:<\/strong> 111 copies<\/p>\n<p><strong>Ausstattung:<\/strong> Mediabook, 24 Seiten, handnummeriert<\/p>\n<\/p><\/div>\n<\/section>\n<\/div>","protected":false},"excerpt":{"rendered":"<p>MUDBRICK 2-Disc-Mediabook (Blu-ray + DVD) Limitiertes 2-Disc Mediabook (Blu-ray + DVD) Inhalt MUDBRICK erz\u00e4hlt die d\u00fcstere Geschichte eines Mannes, der in seine<span class=\"more-button\"><a href=\"https:\/\/uncuttv.at\/en\/product\/mudbrick-mediabook-cover-a\/\" class=\"more-link more-icon\">Continue reading<span class=\"screen-reader-text\">Mudbrick Mediabook Cover A<\/span><\/a><\/span><\/p>","protected":false},"featured_media":1695,"comment_status":"open","ping_status":"closed","template":"","meta":{"_acf_changed":false},"product_brand":[],"product_cat":[28,32],"product_tag":[],"class_list":{"0":"post-1694","1":"product","2":"type-product","3":"status-publish","4":"has-post-thumbnail","6":"product_cat-brandneu","7":"product_cat-instock","9":"first","10":"instock","11":"shipping-taxable","12":"purchasable","13":"product-type-simple"},"acf":[],"_links":{"self":[{"href":"https:\/\/uncuttv.at\/en\/wp-json\/wp\/v2\/product\/1694","targetHints":{"allow":["GET"]}}],"collection":[{"href":"https:\/\/uncuttv.at\/en\/wp-json\/wp\/v2\/product"}],"about":[{"href":"https:\/\/uncuttv.at\/en\/wp-json\/wp\/v2\/types\/product"}],"replies":[{"embeddable":true,"href":"https:\/\/uncuttv.at\/en\/wp-json\/wp\/v2\/comments?post=1694"}],"wp:featuredmedia":[{"embeddable":true,"href":"https:\/\/uncuttv.at\/en\/wp-json\/wp\/v2\/media\/1695"}],"wp:attachment":[{"href":"https:\/\/uncuttv.at\/en\/wp-json\/wp\/v2\/media?parent=1694"}],"wp:term":[{"taxonomy":"product_brand","embeddable":true,"href":"https:\/\/uncuttv.at\/en\/wp-json\/wp\/v2\/product_brand?post=1694"},{"taxonomy":"product_cat","embeddable":true,"href":"https:\/\/uncuttv.at\/en\/wp-json\/wp\/v2\/product_cat?post=1694"},{"taxonomy":"product_tag","embeddable":true,"href":"https:\/\/uncuttv.at\/en\/wp-json\/wp\/v2\/product_tag?post=1694"}],"curies":[{"name":"wp","href":"https:\/\/api.w.org\/{rel}","templated":true}]}}