{"id":2083,"date":"2025-11-28T00:17:15","date_gmt":"2025-11-27T23:17:15","guid":{"rendered":"https:\/\/uncuttv.at\/?post_type=product&#038;p=2083"},"modified":"2026-04-05T16:42:47","modified_gmt":"2026-04-05T14:42:47","slug":"mar-ia-mediabook-cover-a-handsigniert","status":"publish","type":"product","link":"https:\/\/uncuttv.at\/en\/product\/mar-ia-mediabook-cover-a-handsigniert\/","title":{"rendered":"MAR.IA Mediabook Cover A HANDSIGNIERT"},"content":{"rendered":"<div class=\"uncuttv-product clean\">\n<h2 class=\"product-title\">MAR.IA \u2013 Handsignierte Regie-Edition<\/h2>\n<p class=\"subtitle\">Limitiertes Blu-Ray &amp; DVD Mediabook \u2013 nur 15 St\u00fcck handsigniert von Regisseur Gabriel Grieco<\/p>\n<section class=\"synopsis\">\n<h3>Plot<\/h3>\n<p><strong>MAR.IA<\/strong>:<br \/>\n    Maria Black war einst ein Mythos der Lustindustrie \u2013 bis ihr K\u00f6rper in einem experimentellen Projekt zur perfekten Filmikone umgebaut wurde.<\/p>\n<p>Doch niemand rechnete damit, dass Maria weiterhin lebt. Und sie hat Hunger.<\/p>\n<p><strong>MAR.IA<\/strong> ist ein blutgetr\u00e4nkter Sci-Fi-Rachetrip voller Splatter, Wut und d\u00fcsterer Sch\u00f6nheit.<br \/>\n    Fleisch trifft auf Maschine, Kunst auf Gewalt \u2013 und nichts bleibt ungestraft.<\/p>\n<\/section>\n<section class=\"info-grid\">\n<div class=\"info-block\">\n<h4>Sonderedition<\/h4>\n<p><strong>Nur 15 St\u00fcck weltweit!<\/strong><\/p>\n<p>Dieses Mediabook ist handsigniert vom Regisseur <strong>Gabriel Grieco<\/strong>.<\/p>\n<p>Exklusive Sammleredition \u2013 streng limitiert.<\/p>\n<\/p><\/div>\n<div class=\"info-block\">\n<h4>Production<\/h4>\n<p><strong>Country:<\/strong> Argentinien<\/p>\n<p><strong>Jahr:<\/strong> 2023<\/p>\n<p><strong>Director:<\/strong> Gabriel Grieco &amp; Nicanor Loreti<\/p>\n<p><strong>Genre:<\/strong> Horror, Sci-Fi, Thriller<\/p>\n<p><strong>Age rating:<\/strong> Unrated<\/p>\n<\/p><\/div>\n<div class=\"info-block\">\n<h4>Cast<\/h4>\n<p>Gala Sof\u00eda, Malena Castiglione, Boris Sergio<\/p>\n<\/p><\/div>\n<div class=\"info-block\">\n<h4>Technical Specifications<\/h4>\n<p><strong>Runtime:<\/strong> ca. 76 Min.<\/p>\n<p><strong>Picture:<\/strong><br \/>\n        Blu-Ray: 1920 \u00d7 1080 \u2013 16:9<br \/>\n        DVD: 720 \u00d7 576 \u2013 16:9\n      <\/p>\n<p><strong>Audio:<\/strong> German, English<\/p>\n<p><strong>Subtitles:<\/strong> German, English<\/p>\n<p><strong>Verpackung:<\/strong> Mediabook<\/p>\n<p><strong>Booklet:<\/strong> 24 Seiten<\/p>\n<p><strong>Nummerierung:<\/strong> handnummeriert<\/p>\n<\/p><\/div>\n<div class=\"info-block\">\n<h4>Extras<\/h4>\n<p>Pinball (ca. 13 Min.)<\/p>\n<p>Kill for Me (ca. 2 Min.)<\/p>\n<p>Interview mit Daria Panchenko &amp; Gabriel Grieco (ca. 3 Min.)<\/p>\n<p>Nicht verwendete Szene (ca. 1 Min.)<\/p>\n<p>Backstage \u2013 Greenwall (ca. 1 Min.)<\/p>\n<p>Trailer (approx. 1 min.)<\/p>\n<\/p><\/div>\n<div class=\"info-block\">\n<h4>Release<\/h4>\n<p><strong>Release Date<\/strong> 20.12.2025<\/p>\n<p><strong>Limitierung (regul\u00e4r):<\/strong> 15 St\u00fcck<\/p>\n<p><strong>Limitierung (handsigniert):<\/strong> 15 St\u00fcck<\/p>\n<\/p><\/div>\n<\/section>\n<\/div>","protected":false},"excerpt":{"rendered":"<p>MAR.IA \u2013 Handsignierte Regie-Edition Limitiertes Blu-Ray &amp; DVD Mediabook \u2013 nur 15 St\u00fcck handsigniert von Regisseur Gabriel Grieco Inhalt MAR.IA: Maria Black<span class=\"more-button\"><a href=\"https:\/\/uncuttv.at\/en\/product\/mar-ia-mediabook-cover-a-handsigniert\/\" class=\"more-link more-icon\">Continue reading<span class=\"screen-reader-text\">MAR.IA Mediabook Cover A HANDSIGNIERT<\/span><\/a><\/span><\/p>","protected":false},"featured_media":1315,"comment_status":"open","ping_status":"closed","template":"","meta":{"_acf_changed":false},"product_brand":[],"product_cat":[38],"product_tag":[],"class_list":{"0":"post-2083","1":"product","2":"type-product","3":"status-publish","4":"has-post-thumbnail","6":"product_cat-outofprint","8":"first","9":"outofstock","10":"shipping-taxable","11":"purchasable","12":"product-type-simple"},"acf":[],"_links":{"self":[{"href":"https:\/\/uncuttv.at\/en\/wp-json\/wp\/v2\/product\/2083","targetHints":{"allow":["GET"]}}],"collection":[{"href":"https:\/\/uncuttv.at\/en\/wp-json\/wp\/v2\/product"}],"about":[{"href":"https:\/\/uncuttv.at\/en\/wp-json\/wp\/v2\/types\/product"}],"replies":[{"embeddable":true,"href":"https:\/\/uncuttv.at\/en\/wp-json\/wp\/v2\/comments?post=2083"}],"wp:featuredmedia":[{"embeddable":true,"href":"https:\/\/uncuttv.at\/en\/wp-json\/wp\/v2\/media\/1315"}],"wp:attachment":[{"href":"https:\/\/uncuttv.at\/en\/wp-json\/wp\/v2\/media?parent=2083"}],"wp:term":[{"taxonomy":"product_brand","embeddable":true,"href":"https:\/\/uncuttv.at\/en\/wp-json\/wp\/v2\/product_brand?post=2083"},{"taxonomy":"product_cat","embeddable":true,"href":"https:\/\/uncuttv.at\/en\/wp-json\/wp\/v2\/product_cat?post=2083"},{"taxonomy":"product_tag","embeddable":true,"href":"https:\/\/uncuttv.at\/en\/wp-json\/wp\/v2\/product_tag?post=2083"}],"curies":[{"name":"wp","href":"https:\/\/api.w.org\/{rel}","templated":true}]}}