{"id":2936,"date":"2026-02-13T14:55:59","date_gmt":"2026-02-13T13:55:59","guid":{"rendered":"https:\/\/uncuttv.at\/?post_type=product&#038;p=2936"},"modified":"2026-02-28T00:27:07","modified_gmt":"2026-02-27T23:27:07","slug":"filmrequisite-von-vermaehlung-im-blut-inkl-mediabook-nach-wahl-maske","status":"publish","type":"product","link":"https:\/\/uncuttv.at\/en\/product\/filmrequisite-von-vermaehlung-im-blut-inkl-mediabook-nach-wahl-maske\/","title":{"rendered":"Filmrequisite von &#8222;Verm\u00e4hlung im Blut&#8220; inkl. Mediabook nach Wahl Maske"},"content":{"rendered":"<div class=\"uncuttv-product clean\">\n<h2 class=\"product-title\">Filmrequisite aus Verm\u00e4hlung im Blut<\/h2>\n<p class=\"subtitle\">Einzelst\u00fcck + Doppel-Blu-ray Mediabook<\/p>\n<section class=\"synopsis\">\n<h3>Description<\/h3>\n<p>Diese Requisite ist ein <strong>Einzelst\u00fcck<\/strong> und wurde im Film <strong>Verm\u00e4hlung im Blut<\/strong> verwendet.<br \/>\nMit diesem Kauf supportest du unsere Filmproduktion, erh\u00e4ltst ein <strong>Echtheitszertifikat<\/strong> und ein<br \/>\n<strong>Mediabook nach Wahl<\/strong> von Verm\u00e4hlung im Blut.<\/p>\n<p><strong>Bitte Wunschcover beim Kauf in die Kommentarform schreiben.<\/strong><\/p>\n<\/section>\n<section class=\"synopsis\">\n<h3>Plot<\/h3>\n<p><strong>VERM\u00c4HLUNG IM BLUT<\/strong><\/p>\n<p>Eine Frau und ein Mann leben am Rand der Gesellschaft. Ohne Geld, ohne Perspektive, ausgebrannt von Drogen und einem Alltag,<br \/>\nder sie l\u00e4ngst ausgespuckt hat. Sie existieren nebeneinander in einer Welt, die keine Zukunft mehr verspricht \u2013 nur Stillstand,<br \/>\nAbh\u00e4ngigkeit und innere Leere.<\/p>\n<p>Die Frau sucht einen Ausweg und findet ihn in einem Liebhaber. F\u00fcr einen kurzen Moment scheint N\u00e4he m\u00f6glich, vielleicht sogar Freiheit.<br \/>\nDoch ihr Mann akzeptiert diese Entwicklung nicht. Was als Kontrolle beginnt, verwandelt sich langsam in etwas Dunkleres.<br \/>\nEr zieht sie tiefer in seine eigene Realit\u00e4t hinein \u2013 eine Welt aus Macht, Abh\u00e4ngigkeit und Grenz\u00fcberschreitungen.<\/p>\n<p>Er zeigt ihr einen Weg, den sie so noch nie betreten hat. Eine Verbindung aus Sexualit\u00e4t, Gewalt und Manipulation,<br \/>\ndie alte Strukturen zerst\u00f6rt und neue Abgr\u00fcnde \u00f6ffnet. Die Grenzen zwischen Begehren und Zerst\u00f6rung verschwimmen,<br \/>\nbis nicht mehr klar ist, wer f\u00fchrt und wer folgt.<\/p>\n<p>Diese UncutTV-Produktion ist unser erster Spielfilm und verk\u00f6rpert Underground-Kino in all seinen Facetten.<br \/>\nEin Musthave f\u00fcr alle Fans des kompromisslosen Films.<\/p>\n<\/section>\n<section class=\"info-grid\">\n<div class=\"info-block\">\n<h4>Production<\/h4>\n<p><strong>Country:<\/strong> \u00d6sterreich, Tschechien, Marokko<\/p>\n<p><strong>Label:<\/strong> UncutTV<\/p>\n<p><strong>Genre:<\/strong> Arthouse-Drama<\/p>\n<p><strong>Jahr:<\/strong> 2026<\/p>\n<\/div>\n<div class=\"info-block\">\n<h4>Cast<\/h4>\n<p>Adrienne Kaufmann, Darius Gregori, Margarethe von Stern, Felix Rotter, Wolfgang Steinborn<\/p>\n<\/div>\n<div class=\"info-block\">\n<h4>Technical Specifications<\/h4>\n<p><strong>Runtime:<\/strong> ca. 60 Minuten (Hauptfilm)<\/p>\n<p><strong>Picture:<\/strong> 1080p High Definition | 1.78:1 (16:9)<\/p>\n<p><strong>Audio:<\/strong> German<\/p>\n<p><strong>Subtitles:<\/strong> German, English<\/p>\n<p><strong>Verpackung:<\/strong> Double Blu-ray mediabook<\/p>\n<p><strong>Age rating:<\/strong> Unrated<\/p>\n<\/div>\n<div class=\"info-block\">\n<h4>Extras<\/h4>\n<p><strong>Disc 1:<\/strong><\/p>\n<p>Verm\u00e4hlung im Blut (ca. 60 Min.)<\/p>\n<p>Puppenspiel &amp; Bloopers (ca. 81 Min.)<\/p>\n<p>Interview: Kai Rottmann \u2013 SFX-Makeup (ca. 4 Min.)<\/p>\n<p>Eternal Ice (ca. 12 Min.)<\/p>\n<p>Ribeira Brava (ca. 5 Min.)<\/p>\n<p style=\"margin-top: 15px;\"><strong>Disc 2:<\/strong><\/p>\n<p>Love and Hate of Marco Klammer (ca. 59 Min.)<\/p>\n<p>She\u2019s Late (ca. 20 Min.)<\/p>\n<\/div>\n<div class=\"info-block\">\n<h4>Release<\/h4>\n<p><strong>Release Date<\/strong> 01.05.2026<\/p>\n<p><strong>Vorverkauf ab:<\/strong> 13.02.2026<\/p>\n<p><strong>Limitation:<\/strong> 1 St\u00fcck<\/p>\n<\/div>\n<\/section>\n<\/div>","protected":false},"excerpt":{"rendered":"<p>Filmrequisite aus Verm\u00e4hlung im Blut Einzelst\u00fcck + Doppel-Blu-ray Mediabook Beschreibung Diese Requisite ist ein Einzelst\u00fcck und wurde im Film Verm\u00e4hlung im Blut<span class=\"more-button\"><a href=\"https:\/\/uncuttv.at\/en\/product\/filmrequisite-von-vermaehlung-im-blut-inkl-mediabook-nach-wahl-maske\/\" class=\"more-link more-icon\">Continue reading<span class=\"screen-reader-text\">Filmrequisite von &#8222;Verm\u00e4hlung im Blut&#8220; inkl. Mediabook nach Wahl Maske<\/span><\/a><\/span><\/p>","protected":false},"featured_media":2937,"comment_status":"open","ping_status":"closed","template":"","meta":{"_acf_changed":false},"product_brand":[],"product_cat":[38],"product_tag":[],"class_list":{"0":"post-2936","1":"product","2":"type-product","3":"status-publish","4":"has-post-thumbnail","6":"product_cat-outofprint","8":"first","9":"outofstock","10":"shipping-taxable","11":"purchasable","12":"product-type-simple"},"acf":[],"_links":{"self":[{"href":"https:\/\/uncuttv.at\/en\/wp-json\/wp\/v2\/product\/2936","targetHints":{"allow":["GET"]}}],"collection":[{"href":"https:\/\/uncuttv.at\/en\/wp-json\/wp\/v2\/product"}],"about":[{"href":"https:\/\/uncuttv.at\/en\/wp-json\/wp\/v2\/types\/product"}],"replies":[{"embeddable":true,"href":"https:\/\/uncuttv.at\/en\/wp-json\/wp\/v2\/comments?post=2936"}],"wp:featuredmedia":[{"embeddable":true,"href":"https:\/\/uncuttv.at\/en\/wp-json\/wp\/v2\/media\/2937"}],"wp:attachment":[{"href":"https:\/\/uncuttv.at\/en\/wp-json\/wp\/v2\/media?parent=2936"}],"wp:term":[{"taxonomy":"product_brand","embeddable":true,"href":"https:\/\/uncuttv.at\/en\/wp-json\/wp\/v2\/product_brand?post=2936"},{"taxonomy":"product_cat","embeddable":true,"href":"https:\/\/uncuttv.at\/en\/wp-json\/wp\/v2\/product_cat?post=2936"},{"taxonomy":"product_tag","embeddable":true,"href":"https:\/\/uncuttv.at\/en\/wp-json\/wp\/v2\/product_tag?post=2936"}],"curies":[{"name":"wp","href":"https:\/\/api.w.org\/{rel}","templated":true}]}}