{"id":855,"date":"2025-07-29T01:15:13","date_gmt":"2025-07-28T23:15:13","guid":{"rendered":"https:\/\/uncuttv.at\/?post_type=product&#038;p=855"},"modified":"2025-09-06T15:36:35","modified_gmt":"2025-09-06T13:36:35","slug":"oelgemaelde-anna-scary-art","status":"publish","type":"product","link":"https:\/\/uncuttv.at\/en\/product\/oelgemaelde-anna-scary-art\/","title":{"rendered":"\u00d6lgem\u00e4lde Anna Scary Art"},"content":{"rendered":"<div class=\"uncuttv-product clean\">\n<h2 class=\"product-title\">\u00d6lgem\u00e4lde von Anna Scary Art \u2013 Einzest\u00fcck!<\/h2>\n<p class=\"subtitle\">Originales Kunstwerk inklusive Mediabook<\/p>\n<section class=\"synopsis\">\n<h3>Description<\/h3>\n<p>Das originale <strong>\u00d6lgem\u00e4lde von Anna Scary Art<\/strong>, exklusiv angefertigt zum Film<br \/>\n<em>American Guinea Pig: Bouquet of Guts and Gore<\/em>.<br \/>\nEin absolutes <strong>Einzelst\u00fcck<\/strong> f\u00fcr Hardcore-Sammler und Horror-Kunst-Liebhaber.<\/p>\n<p>Enthalten ist das limitierte <strong>Mediabook \u201eBouquet of Guts and Gore\u201c \u2013 Cover C<\/strong>.<\/p>\n<p>Dieses einzigartige Set verbindet extremes Horror-Kino mit kunstvoller, makabrer Malerei \u2013<br \/>\neine Rarit\u00e4t, die es nur ein einziges Mal auf der Welt gibt.<\/p>\n<\/section>\n<section class=\"synopsis\">\n<h3>Filmbeschreibung: American Guinea Pig \u2013 Bouquet of Guts and Gore<\/h3>\n<p>ZWEI FRAUEN FALLEN EINEM SADISTISCHEN FILMTEAM IN DIE H\u00c4NDE. IHR ALBTRAUM BEGINNT,<br \/>\nALS SIE ENTF\u00dcHRT, BET\u00c4UBT UND HILFLOS AUF OPERATIONSBETTEN GEFESSELT WERDEN.<br \/>\nWAS FOLGT, IST DIE GRAUSAME PRODUKTION EINES SNUFF-FILMS: UNTER ANLEITUNG EINES<br \/>\nSKRUPELLOSEN REGISSEURS F\u00dcHRT EIN MASKIERTER FOLTERKNECHT BRUTALE VERST\u00dcMMELUNGEN DURCH,<br \/>\nW\u00c4HREND EIN KAMERAMANN JEDES DETAIL DOKUMENTIERT.<\/p>\n<\/section>\n<section class=\"info-grid\">\n<div class=\"info-block\">\n<h4>Production<\/h4>\n<p><strong>Country:<\/strong> USA<br \/>\n<strong>Director:<\/strong> Stephen Biro<br \/>\n<strong>Genre:<\/strong> Extreme-Horror, Gore<\/p>\n<\/div>\n<div class=\"info-block\">\n<h4>Cast<\/h4>\n<p>Caitlyn Dailey, Ashley Lynn Caputo, Scott Gabbey, Jim Van Bebber<\/p>\n<\/div>\n<div class=\"info-block\">\n<h4>Technical Specifications<\/h4>\n<p><strong>Runtime:<\/strong> approx. 73 min.<br \/>\n<strong>Picture:<\/strong> 1920 \u00d7 1080 \u2013 16:9<br \/>\n<strong>Audio:<\/strong> German und Englisch<br \/>\n<strong>Subtitles:<\/strong> German und Englisch<\/p>\n<\/div>\n<div class=\"info-block\">\n<h4>Extras<\/h4>\n<p><strong>DISC 1:<\/strong> Audiokommentare von Stephen Biro &amp; Marcus Koch sowie Jim VanBebber<br \/>\nTrailer (approx. 2 min.)<\/p>\n<p><strong>DISC 2:<\/strong> Pre-Production (approx. 22 min.)<br \/>\nInterview bloopers (approx. 14 min.)<br \/>\nMaking-of (approx. 109 min.)<br \/>\nInterviews mit Stephen Biro, Marcus Koch, Jim VanBebber &amp; Scott Gabbey<\/p>\n<\/div>\n<div class=\"info-block\">\n<h4>Release<\/h4>\n<p><strong>Release Date<\/strong> 31.09.2025<br \/>\n<strong>Limitation:<\/strong> Absolutes Einzelst\u00fcck (nur 1 Exemplar weltweit!)<br \/>\n<strong>Beigabe:<\/strong> Mediabook Cover C<\/p>\n<\/div>\n<\/section>\n<\/div>","protected":false},"excerpt":{"rendered":"<p>\u00d6lgem\u00e4lde von Anna Scary Art \u2013 Einzest\u00fcck! Originales Kunstwerk inklusive Mediabook Beschreibung Das originale \u00d6lgem\u00e4lde von Anna Scary Art, exklusiv angefertigt zum<span class=\"more-button\"><a href=\"https:\/\/uncuttv.at\/en\/product\/oelgemaelde-anna-scary-art\/\" class=\"more-link more-icon\">Continue reading<span class=\"screen-reader-text\">\u00d6lgem\u00e4lde Anna Scary Art<\/span><\/a><\/span><\/p>","protected":false},"featured_media":856,"comment_status":"open","ping_status":"closed","template":"","meta":{"_acf_changed":false},"product_brand":[],"product_cat":[38],"product_tag":[],"class_list":{"0":"post-855","1":"product","2":"type-product","3":"status-publish","4":"has-post-thumbnail","6":"product_cat-outofprint","8":"first","9":"outofstock","10":"shipping-taxable","11":"product-type-simple"},"acf":[],"_links":{"self":[{"href":"https:\/\/uncuttv.at\/en\/wp-json\/wp\/v2\/product\/855","targetHints":{"allow":["GET"]}}],"collection":[{"href":"https:\/\/uncuttv.at\/en\/wp-json\/wp\/v2\/product"}],"about":[{"href":"https:\/\/uncuttv.at\/en\/wp-json\/wp\/v2\/types\/product"}],"replies":[{"embeddable":true,"href":"https:\/\/uncuttv.at\/en\/wp-json\/wp\/v2\/comments?post=855"}],"wp:featuredmedia":[{"embeddable":true,"href":"https:\/\/uncuttv.at\/en\/wp-json\/wp\/v2\/media\/856"}],"wp:attachment":[{"href":"https:\/\/uncuttv.at\/en\/wp-json\/wp\/v2\/media?parent=855"}],"wp:term":[{"taxonomy":"product_brand","embeddable":true,"href":"https:\/\/uncuttv.at\/en\/wp-json\/wp\/v2\/product_brand?post=855"},{"taxonomy":"product_cat","embeddable":true,"href":"https:\/\/uncuttv.at\/en\/wp-json\/wp\/v2\/product_cat?post=855"},{"taxonomy":"product_tag","embeddable":true,"href":"https:\/\/uncuttv.at\/en\/wp-json\/wp\/v2\/product_tag?post=855"}],"curies":[{"name":"wp","href":"https:\/\/api.w.org\/{rel}","templated":true}]}}