{"id":861,"date":"2025-07-29T01:25:26","date_gmt":"2025-07-28T23:25:26","guid":{"rendered":"https:\/\/uncuttv.at\/?post_type=product&#038;p=861"},"modified":"2026-03-15T05:31:11","modified_gmt":"2026-03-15T04:31:11","slug":"bouquets-of-guts-gore-body-pillow-ultra-limitiert","status":"publish","type":"product","link":"https:\/\/uncuttv.at\/en\/product\/bouquets-of-guts-gore-body-pillow-ultra-limitiert\/","title":{"rendered":"Bouquets of Guts &#038; Gore Body Pillow Ultra Limitiert"},"content":{"rendered":"<div class=\"uncuttv-product clean\">\n<h2 class=\"product-title\">American Guinea Pig Body Pillow \u2013 Limited Edition<\/h2>\n<p class=\"subtitle\">Lebensgro\u00dfes Sammlerst\u00fcck (1,80 m) + Mediabook Cover B<\/p>\n<section class=\"synopsis\">\n<h3>Description<\/h3>\n<p>Dieses <strong>lebensgro\u00dfe Body Pillow (1,80 m)<\/strong>, entworfen von<br \/>\n<em>Uncle Frank<\/em>, ist streng auf nur <strong>25 St\u00fcck<\/strong> limitiert.<br \/>\nPerfekt f\u00fcr Sammler, Horror-Fans und alle, die ein extravagantes<br \/>\nStatement-St\u00fcck f\u00fcr Couch oder Bett suchen.<\/p>\n<p>Mit enthalten: das exklusive <strong>American Guinea Pig: Bouquet of Guts and Gore Mediabook \u2013 Cover B<\/strong>.<\/p>\n<p>Ein einzigartiges Sammlerst\u00fcck, das Komfort mit makabrem Horror-Design vereint.<\/p>\n<\/section>\n<section class=\"synopsis\">\n<h3>Filmbeschreibung: American Guinea Pig \u2013 Bouquet of Guts and Gore<\/h3>\n<p>ZWEI FRAUEN FALLEN EINEM SADISTISCHEN FILMTEAM IN DIE H\u00c4NDE. IHR ALBTRAUM BEGINNT,<br \/>\nALS SIE ENTF\u00dcHRT, BET\u00c4UBT UND HILFLOS AUF OPERATIONSBETTEN GEFESSELT WERDEN.<br \/>\nWAS FOLGT, IST DIE GRAUSAME PRODUKTION EINES SNUFF-FILMS: UNTER ANLEITUNG EINES<br \/>\nSKRUPELLOSEN REGISSEURS F\u00dcHRT EIN MASKIERTER FOLTERKNECHT BRUTALE VERST\u00dcMMELUNGEN DURCH,<br \/>\nW\u00c4HREND EIN KAMERAMANN JEDES DETAIL DOKUMENTIERT.<\/p>\n<\/section>\n<section class=\"info-grid\">\n<div class=\"info-block\">\n<h4>Production<\/h4>\n<p><strong>Country:<\/strong> USA<br \/>\n<strong>Director:<\/strong> Stephen Biro<br \/>\n<strong>Genre:<\/strong> Extreme-Horror, Gore<\/p>\n<\/div>\n<div class=\"info-block\">\n<h4>Cast<\/h4>\n<p>Caitlyn Dailey, Ashley Lynn Caputo, Scott Gabbey, Jim Van Bebber<\/p>\n<\/div>\n<div class=\"info-block\">\n<h4>Technical Specifications<\/h4>\n<p><strong>Runtime:<\/strong> approx. 73 min.<br \/>\n<strong>Picture:<\/strong> 1920 \u00d7 1080 \u2013 16:9<br \/>\n<strong>Audio:<\/strong> German und Englisch<br \/>\n<strong>Subtitles:<\/strong> German und Englisch<\/p>\n<\/div>\n<div class=\"info-block\">\n<h4>Extras<\/h4>\n<p><strong>DISC 1:<\/strong> Audiokommentare von Stephen Biro &amp; Marcus Koch sowie Jim VanBebber<br \/>\nTrailer (approx. 2 min.)<\/p>\n<p><strong>DISC 2:<\/strong> Pre-Production (approx. 22 min.)<br \/>\nInterview bloopers (approx. 14 min.)<br \/>\nMaking-of (approx. 109 min.)<br \/>\nInterviews mit Stephen Biro, Marcus Koch, Jim VanBebber &amp; Scott Gabbey<\/p>\n<\/div>\n<div class=\"info-block\">\n<h4>Release<\/h4>\n<p><strong>Versanddatum:<\/strong> 30.09.2025<br \/>\n<strong>Limitation:<\/strong> 25 St\u00fcck<br \/>\n<strong>Beigabe:<\/strong> Mediabook Cover B<\/p>\n<\/div>\n<\/section>\n<\/div>","protected":false},"excerpt":{"rendered":"<p>American Guinea Pig Body Pillow \u2013 Limited Edition Lebensgro\u00dfes Sammlerst\u00fcck (1,80 m) + Mediabook Cover B Beschreibung Dieses lebensgro\u00dfe Body Pillow (1,80<span class=\"more-button\"><a href=\"https:\/\/uncuttv.at\/en\/product\/bouquets-of-guts-gore-body-pillow-ultra-limitiert\/\" class=\"more-link more-icon\">Continue reading<span class=\"screen-reader-text\">Bouquets of Guts &#038; Gore Body Pillow Ultra Limitiert<\/span><\/a><\/span><\/p>","protected":false},"featured_media":862,"comment_status":"open","ping_status":"closed","template":"","meta":{"_acf_changed":false},"product_brand":[],"product_cat":[32,43],"product_tag":[],"class_list":{"0":"post-861","1":"product","2":"type-product","3":"status-publish","4":"has-post-thumbnail","6":"product_cat-instock","7":"product_cat-underground-collection","9":"first","10":"instock","11":"shipping-taxable","12":"purchasable","13":"product-type-simple"},"acf":[],"_links":{"self":[{"href":"https:\/\/uncuttv.at\/en\/wp-json\/wp\/v2\/product\/861","targetHints":{"allow":["GET"]}}],"collection":[{"href":"https:\/\/uncuttv.at\/en\/wp-json\/wp\/v2\/product"}],"about":[{"href":"https:\/\/uncuttv.at\/en\/wp-json\/wp\/v2\/types\/product"}],"replies":[{"embeddable":true,"href":"https:\/\/uncuttv.at\/en\/wp-json\/wp\/v2\/comments?post=861"}],"wp:featuredmedia":[{"embeddable":true,"href":"https:\/\/uncuttv.at\/en\/wp-json\/wp\/v2\/media\/862"}],"wp:attachment":[{"href":"https:\/\/uncuttv.at\/en\/wp-json\/wp\/v2\/media?parent=861"}],"wp:term":[{"taxonomy":"product_brand","embeddable":true,"href":"https:\/\/uncuttv.at\/en\/wp-json\/wp\/v2\/product_brand?post=861"},{"taxonomy":"product_cat","embeddable":true,"href":"https:\/\/uncuttv.at\/en\/wp-json\/wp\/v2\/product_cat?post=861"},{"taxonomy":"product_tag","embeddable":true,"href":"https:\/\/uncuttv.at\/en\/wp-json\/wp\/v2\/product_tag?post=861"}],"curies":[{"name":"wp","href":"https:\/\/api.w.org\/{rel}","templated":true}]}}